{"id":1607,"date":"2023-03-09T10:03:34","date_gmt":"2023-03-09T10:03:34","guid":{"rendered":"https:\/\/mabronet.pl\/pfs\/?page_id=1607"},"modified":"2023-03-15T15:18:32","modified_gmt":"2023-03-15T15:18:32","slug":"kontakt","status":"publish","type":"page","link":"https:\/\/kluby.pfs.org.pl\/krakow\/kontakt\/","title":{"rendered":"Kontakt"},"content":{"rendered":"\n<div class=\"wp-block-contact-form-7-contact-form-selector\">\n<div class=\"wpcf7 no-js\" id=\"wpcf7-f1849-o1\" lang=\"en-US\" dir=\"ltr\">\n<div class=\"screen-reader-response\"><p role=\"status\" aria-live=\"polite\" aria-atomic=\"true\"><\/p> <ul><\/ul><\/div>\n<form action=\"\/krakow\/wp-json\/wp\/v2\/pages\/1607#wpcf7-f1849-o1\" method=\"post\" class=\"wpcf7-form init\" aria-label=\"Contact form\" novalidate=\"novalidate\" data-status=\"init\">\n<div style=\"display: none;\">\n<input type=\"hidden\" name=\"_wpcf7\" value=\"1849\" \/>\n<input type=\"hidden\" name=\"_wpcf7_version\" value=\"5.7.5.1\" \/>\n<input type=\"hidden\" name=\"_wpcf7_locale\" value=\"en_US\" \/>\n<input type=\"hidden\" name=\"_wpcf7_unit_tag\" value=\"wpcf7-f1849-o1\" \/>\n<input type=\"hidden\" name=\"_wpcf7_container_post\" value=\"0\" \/>\n<input type=\"hidden\" name=\"_wpcf7_posted_data_hash\" value=\"\" \/>\n<\/div>\n<p><label>Imi\u0119 <span class=\"required-star\">*<\/span><span class=\"wpcf7-form-control-wrap\" data-name=\"your-name\"><input size=\"40\" class=\"wpcf7-form-control wpcf7-text wpcf7-validates-as-required\" aria-required=\"true\" aria-invalid=\"false\" value=\"\" type=\"text\" name=\"your-name\" \/><\/span><\/label><br \/>\n<label>E-mail <span class=\"required-star\">*<\/span><span class=\"wpcf7-form-control-wrap\" data-name=\"your-email\"><input size=\"40\" class=\"wpcf7-form-control wpcf7-text wpcf7-email wpcf7-validates-as-required wpcf7-validates-as-email\" aria-required=\"true\" aria-invalid=\"false\" value=\"\" type=\"email\" name=\"your-email\" \/><\/span><\/label><br \/>\n<label>Telefon <span class=\"required-star\">*<\/span><span class=\"wpcf7-form-control-wrap\" data-name=\"your-tel\"><input size=\"40\" class=\"wpcf7-form-control wpcf7-text wpcf7-tel wpcf7-validates-as-required wpcf7-validates-as-tel\" aria-required=\"true\" aria-invalid=\"false\" value=\"\" type=\"tel\" name=\"your-tel\" \/><\/span><\/label><br \/>\n<label>Wiadomo\u015b\u0107 <span class=\"required-star\">*<\/span><span class=\"wpcf7-form-control-wrap\" data-name=\"your-message\"><textarea cols=\"40\" rows=\"10\" class=\"wpcf7-form-control wpcf7-textarea wpcf7-validates-as-required\" aria-required=\"true\" aria-invalid=\"false\" name=\"your-message\"><\/textarea><\/span><\/label><br \/>\n<span class=\"wpcf7-form-control-wrap\" data-name=\"your-consent\"><span class=\"wpcf7-form-control wpcf7-checkbox wpcf7-validates-as-required wpcf7-exclusive-checkbox consent\"><span class=\"wpcf7-list-item first last\"><label><input type=\"checkbox\" name=\"your-consent\" value=\"Wyra\u017cam zgod\u0119 na kontakt w celach marketingowych przez Krakowski Klub Scrabble. Jestem \u015bwiadom, i\u017c dane s\u0105 te niezb\u0119dne do niniejszego procesu, zgodnie z Rozporz\u0105dzeniem Parlamentu Europejskiego i Rady (UE) 2016\/679 z dnia 27 kwietnia 2016 roku oraz ustaw\u0105 z dnia 10 maja 2018 roku o ochronie danych osobowych (Dz.U.2018 poz. 1000)\" \/><span class=\"wpcf7-list-item-label\">Wyra\u017cam zgod\u0119 na kontakt w celach marketingowych przez Krakowski Klub Scrabble. Jestem \u015bwiadom, i\u017c dane s\u0105 te niezb\u0119dne do niniejszego procesu, zgodnie z Rozporz\u0105dzeniem Parlamentu Europejskiego i Rady (UE) 2016\/679 z dnia 27 kwietnia 2016 roku oraz ustaw\u0105 z dnia 10 maja 2018 roku o ochronie danych osobowych (Dz.U.2018 poz. 1000)<\/span><\/label><\/span><\/span><\/span>\n<\/p>\n<p><input class=\"wpcf7-form-control has-spinner wpcf7-submit\" type=\"submit\" value=\"Wy\u015blij\" \/>\n<\/p><div class=\"wpcf7-response-output\" aria-hidden=\"true\"><\/div>\n<\/form>\n<\/div>\n<\/div>\n","protected":false},"excerpt":{"rendered":"","protected":false},"author":1,"featured_media":0,"parent":0,"menu_order":0,"comment_status":"closed","ping_status":"closed","template":"","meta":[],"acf":[],"_links":{"self":[{"href":"https:\/\/kluby.pfs.org.pl\/krakow\/wp-json\/wp\/v2\/pages\/1607"}],"collection":[{"href":"https:\/\/kluby.pfs.org.pl\/krakow\/wp-json\/wp\/v2\/pages"}],"about":[{"href":"https:\/\/kluby.pfs.org.pl\/krakow\/wp-json\/wp\/v2\/types\/page"}],"author":[{"embeddable":true,"href":"https:\/\/kluby.pfs.org.pl\/krakow\/wp-json\/wp\/v2\/users\/1"}],"replies":[{"embeddable":true,"href":"https:\/\/kluby.pfs.org.pl\/krakow\/wp-json\/wp\/v2\/comments?post=1607"}],"version-history":[{"count":3,"href":"https:\/\/kluby.pfs.org.pl\/krakow\/wp-json\/wp\/v2\/pages\/1607\/revisions"}],"predecessor-version":[{"id":1974,"href":"https:\/\/kluby.pfs.org.pl\/krakow\/wp-json\/wp\/v2\/pages\/1607\/revisions\/1974"}],"wp:attachment":[{"href":"https:\/\/kluby.pfs.org.pl\/krakow\/wp-json\/wp\/v2\/media?parent=1607"}],"curies":[{"name":"wp","href":"https:\/\/api.w.org\/{rel}","templated":true}]}}