{"id":1851,"date":"2023-03-15T08:28:31","date_gmt":"2023-03-15T08:28:31","guid":{"rendered":"https:\/\/mabronet.pl\/pfs\/?page_id=1851"},"modified":"2023-03-15T15:19:30","modified_gmt":"2023-03-15T15:19:30","slug":"download","status":"publish","type":"page","link":"https:\/\/kluby.pfs.org.pl\/krakow\/download\/","title":{"rendered":"Download"},"content":{"rendered":"\n<figure class=\"wp-block-table download\"><table style=\"border-style:none;border-width:0px\"><tbody><tr><td><a href=\"https:\/\/kluby.pfs.org.pl\/krakow\/download\/turnieje16\/\">Turniej16<\/a><\/td><td>Program do przeprowadzania turniej\u00f3w i obliczania rankingu<\/td><\/tr><tr><td><a href=\"https:\/\/kluby.pfs.org.pl\/krakow\/wp-content\/uploads\/statystyki.zip\">Statystyki<\/a><\/td><td>Program do automatycznego generowania statystyk turniejowych<\/td><\/tr><tr><td><a href=\"https:\/\/kluby.pfs.org.pl\/krakow\/wp-content\/uploads\/turnieje.zip\" data-type=\"URL\" data-id=\"https:\/\/kluby.pfs.org.pl\/krakow\/wp-content\/uploads\/turnije.zip\">Turnieje<\/a><\/td><td>Zbi\u00f3r wynik\u00f3w wszystkich dotychczas rozegranych turniej\u00f3w klubowych<\/td><\/tr><tr><td><a href=\"https:\/\/kluby.pfs.org.pl\/krakow\/wp-content\/uploads\/anagramy.zip\">Anagramy<\/a><\/td><td>Program do nauki uk\u0142adania wyraz\u00f3w z liter oraz poznawania nowych s\u0142\u00f3w<\/td><\/tr><tr><td>&nbsp;<\/td><td>&nbsp;<\/td><\/tr><\/tbody><\/table><\/figure>\n","protected":false},"excerpt":{"rendered":"<p>Turniej16 Program do przeprowadzania turniej\u00f3w i obliczania rankingu Statystyki Program do automatycznego generowania statystyk turniejowych Turnieje Zbi\u00f3r wynik\u00f3w wszystkich dotychczas rozegranych turniej\u00f3w klubowych Anagramy Program do nauki uk\u0142adania wyraz\u00f3w z liter oraz poznawania nowych s\u0142\u00f3w &nbsp; &nbsp;<\/p>\n","protected":false},"author":1,"featured_media":0,"parent":0,"menu_order":0,"comment_status":"closed","ping_status":"closed","template":"","meta":[],"acf":[],"_links":{"self":[{"href":"https:\/\/kluby.pfs.org.pl\/krakow\/wp-json\/wp\/v2\/pages\/1851"}],"collection":[{"href":"https:\/\/kluby.pfs.org.pl\/krakow\/wp-json\/wp\/v2\/pages"}],"about":[{"href":"https:\/\/kluby.pfs.org.pl\/krakow\/wp-json\/wp\/v2\/types\/page"}],"author":[{"embeddable":true,"href":"https:\/\/kluby.pfs.org.pl\/krakow\/wp-json\/wp\/v2\/users\/1"}],"replies":[{"embeddable":true,"href":"https:\/\/kluby.pfs.org.pl\/krakow\/wp-json\/wp\/v2\/comments?post=1851"}],"version-history":[{"count":19,"href":"https:\/\/kluby.pfs.org.pl\/krakow\/wp-json\/wp\/v2\/pages\/1851\/revisions"}],"predecessor-version":[{"id":1976,"href":"https:\/\/kluby.pfs.org.pl\/krakow\/wp-json\/wp\/v2\/pages\/1851\/revisions\/1976"}],"wp:attachment":[{"href":"https:\/\/kluby.pfs.org.pl\/krakow\/wp-json\/wp\/v2\/media?parent=1851"}],"curies":[{"name":"wp","href":"https:\/\/api.w.org\/{rel}","templated":true}]}}