{"id":1892,"date":"2023-03-15T09:10:20","date_gmt":"2023-03-15T09:10:20","guid":{"rendered":"https:\/\/mabronet.pl\/pfs\/?page_id=1892"},"modified":"2024-04-16T08:03:12","modified_gmt":"2024-04-16T08:03:12","slug":"turnieje16","status":"publish","type":"page","link":"https:\/\/kluby.pfs.org.pl\/krakow\/download\/turnieje16\/","title":{"rendered":"Turnieje16"},"content":{"rendered":"\t\t<div data-elementor-type=\"wp-page\" data-elementor-id=\"1892\" class=\"elementor elementor-1892\">\n\t\t\t\t\t\t\t\t\t<section class=\"elementor-section elementor-top-section elementor-element elementor-element-7d7d5d1 elementor-section-boxed elementor-section-height-default elementor-section-height-default\" data-id=\"7d7d5d1\" data-element_type=\"section\">\n\t\t\t\t\t\t<div class=\"elementor-container elementor-column-gap-default\">\n\t\t\t\t\t<div class=\"elementor-column elementor-col-100 elementor-top-column elementor-element elementor-element-1575cd3\" data-id=\"1575cd3\" data-element_type=\"column\">\n\t\t\t<div class=\"elementor-widget-wrap elementor-element-populated\">\n\t\t\t\t\t\t\t\t<div class=\"elementor-element elementor-element-d09ae1d turnieje elementor-widget elementor-widget-text-editor\" data-id=\"d09ae1d\" data-element_type=\"widget\" data-widget_type=\"text-editor.default\">\n\t\t\t\t<div class=\"elementor-widget-container\">\n\t\t\t<style>\/*! elementor - v3.12.0 - 29-03-2023 *\/\n.elementor-widget-text-editor.elementor-drop-cap-view-stacked .elementor-drop-cap{background-color:#69727d;color:#fff}.elementor-widget-text-editor.elementor-drop-cap-view-framed .elementor-drop-cap{color:#69727d;border:3px solid;background-color:transparent}.elementor-widget-text-editor:not(.elementor-drop-cap-view-default) .elementor-drop-cap{margin-top:8px}.elementor-widget-text-editor:not(.elementor-drop-cap-view-default) .elementor-drop-cap-letter{width:1em;height:1em}.elementor-widget-text-editor .elementor-drop-cap{float:left;text-align:center;line-height:1;font-size:50px}.elementor-widget-text-editor .elementor-drop-cap-letter{display:inline-block}<\/style>\t\t\t\t<p align=\"justify\">Poni\u017cej umieszczam do \u015bci\u0105gni\u0119cia najnowsz\u0105 wersj\u0119 programu turniejowego. Jest to wersja Turniej 1.6. Przed przyst\u0105pieniem do u\u017cywania nowej wersji prosz\u0119 o dok\u0142adne przeczytanie poni\u017cszych informacji &#8211; nie gwarantuj\u0119 poprawnego dzia\u0142ania programu, je\u015bli kto\u015b nie dostosuje si\u0119 do poni\u017cszych wytycznych.<br>W stosunku do poprzednio udost\u0119pnionej wersji program posiada nast\u0119puj\u0105ce mo\u017cliwo\u015bci (o cz\u0119\u015b\u0107 z nich prosili mnie gracze z innych klub\u00f3w).<\/p>\n<ul>\n<li>Nowe metody rozstawienia. Pierwsze to system po\u0142\u00f3wkowy, kt\u00f3ry nazwa\u0142em uniwersalny &#8211; r\u00f3\u017cni si\u0119 od po\u0142\u00f3wkowego stosowanego w PFS tym, \u017ce w momencie, gdy nie da si\u0119 rozstawi\u0107 danej grupy punktowej bez powt\u00f3rze\u0144 nie trzeba zwi\u0119ksza\u0107 zasi\u0119gu grupy &#8211; grupa jest automatycznie rozszerzana o dw\u00f3ch graczy do momentu, a\u017c rozstawienie bez powt\u00f3rze\u0144 b\u0119dzie mo\u017cliwe. Stara metoda rozstawiania nadal jest dost\u0119pna &#8211; system po\u0142\u00f3wkowy PFS, jednak zalecam korzystanie z nowej. Druga nowa metoda to tzw. system Dubova. W skr\u00f3cie polega on na tym, \u017ce w danej grupie punktowej program stara si\u0119 wyr\u00f3wnywa\u0107 zdobyte skalpy &#8211; tzn. graczom, kt\u00f3rzy mieli trudnych (rankingowo) przeciwnik\u00f3w przydziela s\u0142abszych, a tym, kt\u00f3rzy mieli s\u0142abych przydziela silniejszych. T\u0119 metod\u0119 polecam przy du\u017cych turniejach.<\/li>\n<li>Mo\u017cliwo\u015b\u0107 ustawienia, po jakim czasie partie przestaj\u0105 si\u0119 wlicza\u0107 do rankingu. Niestety poprzednia wersja programu nie zapisywa\u0142a informacji o dacie rozegrania partii, wi\u0119c aby w pe\u0142ni korzysta\u0107 z tej mo\u017cliwo\u015bci konieczne b\u0119dzie przeprowadzenie migracji danych opisanej poni\u017cej.<\/li>\n<li>Mo\u017cliwo\u015b\u0107 poprawienia wyniku partii w zako\u0144czonym turnieju<\/li>\n<li>Poprawki drobnych b\u0142\u0119d\u00f3w<\/li>\n<\/ul>\n<p>Uniwersalny system rozstawiania oraz odpisywanie partii po okre\u015blonym czasie od d\u0142u\u017cszego czasu stosujemy w klubie krakowskim i nie ma z tym problem\u00f3w. Obecnie dorobi\u0142em mechanizm migracji danych ze starej wersji programu do nowej, tak aby pozosta\u0142e kluby r\u00f3wnie\u017c mog\u0142y z tego korzysta\u0107 :-).<\/p>\n<p align=\"justify\">Je\u015bli wcze\u015bniej u\u017cywali\u015bcie starszej wersji programu, to aby nowa wersja dzia\u0142a\u0142a poprawnie trzeba wykona\u0107 poni\u017csze kroki. Jest to operacja jednorazowa. Co wi\u0119cej istnieje mo\u017cliwo\u015b\u0107 zaczytania cz\u0119\u015bci turniej\u00f3w, a p\u00f3\u017aniej uzupe\u0142nienia. Nie nale\u017cy jednak u\u017cywa\u0107 programu przed zako\u0144czeniem poni\u017cszej procedury.<\/p>\n<ul>\n<li>\u015aci\u0105gn\u0105\u0107 program <a style=\"font-family: var( --e-global-typography-text-font-family ), Sans-serif; font-size: var( --e-global-typography-text-font-size ); font-weight: var( --e-global-typography-text-font-weight ); background-color: #ffffff; display: inline !important;\" href=\"https:\/\/kluby.pfs.org.pl\/krakow\/wp-content\/uploads\/turniej16.zip\">Turniej 1.6 <\/a>Nast\u0119pnie rozpakowa\u0107 go i przegra\u0107 plik Turniej16.exe do katalogu, w kt\u00f3rym do tej pory mieli\u015bcie Turniej14.exe. Zak\u0142adam, \u017ce nie by\u0142y stamt\u0105d kasowane \u017cadne katalogi z wynikami turniej\u00f3w (wa\u017cne s\u0105 pliki stt).<\/li>\n<li>Zrobi\u0107 kopi\u0119 zapasow\u0105 pliku Zawodnicy.stt oraz Ranking.txt (zapisa\u0107 w bezpiecznym miejscu &#8211; w wypadku problem\u00f3w przywr\u00f3cenie tych plik\u00f3w umo\u017cliwi korzystanie ze starej wersji programu).<\/li>\n<li>Uruchomi\u0107 program, wej\u015b\u0107 do ustawie\u0144 i wpisa\u0107 ilo\u015b\u0107 dni, z jakich maj\u0105 si\u0119 liczy\u0107 partie do rankingu (np. 365 &#8211; partie b\u0119d\u0105 si\u0119 odpisywa\u0142y po roku). Pozostawienie 0 oznacza, \u017ce partie nie b\u0119d\u0105 si\u0119 odpisywa\u0142y w og\u00f3le tak jak do tej pory.<\/li>\n<li>Zapisa\u0107 ustawienia i wej\u015b\u0107 do bazy turniej\u00f3w. Nacisn\u0105\u0107 przycisk &#8222;Wczytaj automatycznie&#8221;. Program b\u0119dzie wczytywa\u0142 do nowej bazy wszystkie dotychczas rozegrane turnieje. Prawdopodobnie w wi\u0119kszo\u015bci trzeba b\u0119dzie uzupe\u0142ni\u0107 dat\u0119 rozegrania. W przypadku, gdy w mi\u0119dzyczasie by\u0142y zmieniane nazwiska (np \u015blub) graczy mo\u017ce si\u0119 zdarzy\u0107, \u017ce program nie b\u0119dzie potrafi\u0142 znale\u017a\u0107 danego zawodnika w bazie. Nale\u017cy w\u00f3wczas wskaza\u0107, o kt\u00f3rego zawodnika chodzi. Je\u015bli program znalaz\u0142 jaki\u015b turniej nierankingowy, w kt\u00f3rym grali inni zawodnicy mo\u017cna wybra\u0107 opcj\u0119 dodania ich do bazy lub pomini\u0119cia turnieju.<\/li>\n<li>Po zako\u0144czeniu wczytywania turniej\u00f3w wszystkie powinny znale\u017a\u0107 si\u0119 na li\u015bcie. Nale\u017cy zweryfikowa\u0107, czy wszystkie wczyta\u0142y si\u0119 poprawnie i czy maj\u0105 dobrze ustawione daty (np. por\u00f3wna\u0107 ze stron\u0105 Arka Bieguna). Daty mo\u017cna jeszcze poprwi\u0107 odpowiednim przyciskiem. Je\u015bli jaki\u015b turniej nierankingowy znalaz\u0142 si\u0119 na li\u015bcie nale\u017cy go usun\u0105\u0107. Je\u015bli czego\u015b z jakiego\u015b powodu brakuje mo\u017cna spr\u00f3bowa\u0107 wczyta\u0107 turniej pojedynczo przyciskiem &#8222;wczytaj turniej&#8221;.<\/li>\n<li>Je\u015bli wszystko si\u0119 zgadza nale\u017cy nacisn\u0105\u0107 przycisk &#8222;Aktualizuj rankingi&#8221;<\/li>\n<li>To wszystko. Dalej mo\u017cna u\u017cywa\u0107 programu praktycznie tak samo jak dotychczas. Z poziomu bazy turniej\u00f3w mo\u017cna zmienia\u0107 wyniki zako\u0144czonych turniej\u00f3w z listy. Po dokonaniu zmiany trzeba nacisn\u0105\u0107 przycisk Aktualizuj rankingi. Zawsze przed wykonaniem tej operacji proponuj\u0119 dla bezpiecze\u0144stwa robi\u0107 kopi\u0119 zapasow\u0105 plik\u00f3w baza.stt, zawodnicy.stt, daty.stt oraz Ranking.txt.<\/li>\n<li>W razie problem\u00f3w prosz\u0119 o kontakt &#8211; kgorka@epf.pl lub 602443800.<\/li>\n<\/ul>\n<p align=\"justify\">W przypadku, gdy kto\u015b \u015bci\u0105ga wersj\u0119 1.61, a wcze\u015bniej mia\u0142 ju\u017c 1.60 i wykona\u0142 powy\u017csze prace wystarczy przegra\u0107 now\u0105 wersj\u0119 pliku Turniej16.exe w miejsce starej.<\/p>\n<p align=\"justify\">Jeszcze raz link do programu:<a href=\"https:\/\/kluby.pfs.org.pl\/krakow\/wp-content\/uploads\/turniej16.zip\" style=\"font-style: inherit; font-weight: inherit; font-family: var( --e-global-typography-text-font-family ), Sans-serif; background-color: rgb(255, 255, 255); display: inline !important;\">Turniej 1.6<\/a>&nbsp;Osoby korzystaj\u0105ce z programu prosz\u0119 o przys\u0142\u0105nie mi swoich adres\u00f3w e-mail, tak, abym m\u00f3g\u0142 Was bezpo\u015brednio poinformowa\u0107 je\u015bli wprowadz\u0119 kolejne zmiany lub poprawki. Przy okazji napiszcie, je\u015bli macie jakie\u015b pomys\u0142y, co m\u00f3g\u0142bym udoskonali\u0107, albo jaka funkcja by Wam si\u0119 przyda\u0142a.<br>Kamil G\u00f3rka<\/p>\t\t\t\t\t\t<\/div>\n\t\t\t\t<\/div>\n\t\t\t\t\t<\/div>\n\t\t<\/div>\n\t\t\t\t\t\t\t<\/div>\n\t\t<\/section>\n\t\t\t\t\t\t\t<\/div>\n\t\t","protected":false},"excerpt":{"rendered":"<p>Poni\u017cej umieszczam do \u015bci\u0105gni\u0119cia najnowsz\u0105 wersj\u0119 programu turniejowego. Jest to wersja Turniej 1.6. Przed przyst\u0105pieniem do u\u017cywania nowej wersji prosz\u0119 o dok\u0142adne przeczytanie poni\u017cszych informacji &#8211; nie gwarantuj\u0119 poprawnego dzia\u0142ania programu, je\u015bli kto\u015b nie dostosuje si\u0119 do poni\u017cszych wytycznych.W stosunku do poprzednio udost\u0119pnionej wersji program posiada nast\u0119puj\u0105ce mo\u017cliwo\u015bci (o cz\u0119\u015b\u0107 z nich prosili mnie gracze [&hellip;]<\/p>\n","protected":false},"author":1,"featured_media":0,"parent":1851,"menu_order":0,"comment_status":"closed","ping_status":"closed","template":"","meta":[],"acf":[],"_links":{"self":[{"href":"https:\/\/kluby.pfs.org.pl\/krakow\/wp-json\/wp\/v2\/pages\/1892"}],"collection":[{"href":"https:\/\/kluby.pfs.org.pl\/krakow\/wp-json\/wp\/v2\/pages"}],"about":[{"href":"https:\/\/kluby.pfs.org.pl\/krakow\/wp-json\/wp\/v2\/types\/page"}],"author":[{"embeddable":true,"href":"https:\/\/kluby.pfs.org.pl\/krakow\/wp-json\/wp\/v2\/users\/1"}],"replies":[{"embeddable":true,"href":"https:\/\/kluby.pfs.org.pl\/krakow\/wp-json\/wp\/v2\/comments?post=1892"}],"version-history":[{"count":33,"href":"https:\/\/kluby.pfs.org.pl\/krakow\/wp-json\/wp\/v2\/pages\/1892\/revisions"}],"predecessor-version":[{"id":2726,"href":"https:\/\/kluby.pfs.org.pl\/krakow\/wp-json\/wp\/v2\/pages\/1892\/revisions\/2726"}],"up":[{"embeddable":true,"href":"https:\/\/kluby.pfs.org.pl\/krakow\/wp-json\/wp\/v2\/pages\/1851"}],"wp:attachment":[{"href":"https:\/\/kluby.pfs.org.pl\/krakow\/wp-json\/wp\/v2\/media?parent=1892"}],"curies":[{"name":"wp","href":"https:\/\/api.w.org\/{rel}","templated":true}]}}